{"id":9,"date":"2026-03-06T10:47:42","date_gmt":"2026-03-06T10:47:42","guid":{"rendered":"https:\/\/luvimarika.fi\/?page_id=9"},"modified":"2026-03-06T12:10:06","modified_gmt":"2026-03-06T12:10:06","slug":"etusivu","status":"publish","type":"page","link":"https:\/\/luvimarika.fi\/","title":{"rendered":"Etusivu"},"content":{"rendered":"<div class=\"fusion-fullwidth fullwidth-box fusion-builder-row-1 fusion-flex-container has-pattern-background has-mask-background nonhundred-percent-fullwidth non-hundred-percent-height-scrolling\" style=\"--awb-border-radius-top-left:0px;--awb-border-radius-top-right:0px;--awb-border-radius-bottom-right:0px;--awb-border-radius-bottom-left:0px;--awb-padding-top:40px;--awb-padding-bottom:40px;--awb-margin-top:0px;--awb-background-color:rgba(196,138,209,0.22);--awb-background-image:linear-gradient(180deg, rgba(255,255,255,0) 0%,var(--awb-color1) 100%);--awb-flex-wrap:wrap;\" ><div class=\"fusion-builder-row fusion-row fusion-flex-align-items-flex-start fusion-flex-content-wrap\" style=\"max-width:1248px;margin-left: calc(-4% \/ 2 );margin-right: calc(-4% \/ 2 );\"><div class=\"fusion-layout-column fusion_builder_column fusion-builder-column-0 fusion_builder_column_1_1 1_1 fusion-flex-column\" style=\"--awb-padding-top:20px;--awb-padding-bottom:20px;--awb-bg-size:cover;--awb-width-large:100%;--awb-margin-top-large:0px;--awb-spacing-right-large:1.92%;--awb-margin-bottom-large:20px;--awb-spacing-left-large:1.92%;--awb-width-medium:100%;--awb-order-medium:0;--awb-spacing-right-medium:1.92%;--awb-spacing-left-medium:1.92%;--awb-width-small:100%;--awb-order-small:0;--awb-spacing-right-small:1.92%;--awb-spacing-left-small:1.92%;\"><div class=\"fusion-column-wrapper fusion-column-has-shadow fusion-flex-justify-content-flex-start fusion-content-layout-column\"><div class=\"fusion-title title fusion-title-1 fusion-sep-none fusion-title-text fusion-title-size-three\" style=\"--awb-text-color:var(--awb-color5);--awb-margin-top:20px;--awb-margin-bottom:20px;--awb-margin-top-small:10px;--awb-margin-right-small:0px;--awb-margin-bottom-small:10px;--awb-margin-left-small:0px;\"><h3 class=\"fusion-title-heading title-heading-left\" style=\"margin:0;\">TERVETULOA KOTISIVUILLEMME!<\/h3><\/div><div class=\"fusion-text fusion-text-1\"><p><span style=\"letter-spacing: 0.24px; background-color: rgba(0, 0, 0, 0);\"><b>LuviMarika Oy<\/b> on sosiaalialan yritys, joka yll\u00e4pit\u00e4\u00e4 Eurajoen Luvialla toimivaa L\u00e4nsk\u00e4rinpajan ty\u00f6-ja p\u00e4iv\u00e4toimintayksikk\u00f6\u00e4.<\/span><\/p>\n<p><span style=\"font-weight: 400;\">Tavoitteenamme on luoda yhdess\u00e4 ty\u00f6ntekij\u00e4asiakkaidemme kanssa yksikk\u00f6, jossa jokaisella on aina hyv\u00e4 olla. Yksil\u00f6llisyys ja sen huomioonottaminen on meille kunnia-asia!<\/span><\/p>\n<\/div><\/div><\/div><div class=\"fusion-layout-column fusion_builder_column fusion-builder-column-1 fusion_builder_column_1_1 1_1 fusion-flex-column\" style=\"--awb-bg-size:cover;--awb-width-large:100%;--awb-margin-top-large:0px;--awb-spacing-right-large:1.92%;--awb-margin-bottom-large:20px;--awb-spacing-left-large:1.92%;--awb-width-medium:100%;--awb-order-medium:0;--awb-spacing-right-medium:1.92%;--awb-spacing-left-medium:1.92%;--awb-width-small:100%;--awb-order-small:0;--awb-spacing-right-small:1.92%;--awb-spacing-left-small:1.92%;\"><div class=\"fusion-column-wrapper fusion-column-has-shadow fusion-flex-justify-content-flex-start fusion-content-layout-column\"><div class=\"fusion-separator fusion-full-width-sep\" style=\"align-self: center;margin-left: auto;margin-right: auto;margin-top:20px;margin-bottom:20px;width:100%;\"><div class=\"fusion-separator-border sep-wavy\" style=\"--awb-height:20px;--awb-amount:20px;--awb-sep-color:var(--awb-color4);--awb-separator-pattern-url:url(&quot;data:image\/svg+xml;utf8,%3Csvg%20xmlns%3D%22http%3A%2F%2Fwww.w3.org%2F2000%2Fsvg%22%20preserveAspectRatio%3D%22none%22%20overflow%3D%22visible%22%20height%3D%22100%25%22%20viewBox%3D%220%200%2024%2024%22%20fill%3D%22none%22%20stroke%3D%22black%22%20stroke-width%3D%221%22%20stroke-linecap%3D%22square%22%20stroke-miterlimit%3D%2210%22%3E%3Cpath%20d%3D%22M0%2C6c6%2C0%2C0.9%2C11.1%2C6.9%2C11.1S18%2C6%2C24%2C6%22%2F%3E%3C%2Fsvg%3E&quot;);border-color:var(--awb-color4);\"><\/div><\/div><\/div><\/div><div class=\"fusion-layout-column fusion_builder_column fusion-builder-column-2 fusion_builder_column_1_1 1_1 fusion-flex-column\" style=\"--awb-bg-size:cover;--awb-width-large:100%;--awb-margin-top-large:20px;--awb-spacing-right-large:1.92%;--awb-margin-bottom-large:20px;--awb-spacing-left-large:1.92%;--awb-width-medium:100%;--awb-order-medium:0;--awb-spacing-right-medium:1.92%;--awb-spacing-left-medium:1.92%;--awb-width-small:100%;--awb-order-small:0;--awb-spacing-right-small:1.92%;--awb-spacing-left-small:1.92%;\"><div class=\"fusion-column-wrapper fusion-column-has-shadow fusion-flex-justify-content-flex-start fusion-content-layout-column\"><div class=\"fusion-menu-anchor\" id=\"Arvot\"><\/div><div class=\"fusion-title title fusion-title-2 fusion-sep-none fusion-title-text fusion-title-size-three\" style=\"--awb-text-color:var(--awb-color5);--awb-margin-top:20px;--awb-margin-bottom:20px;--awb-margin-top-small:10px;--awb-margin-right-small:0px;--awb-margin-bottom-small:10px;--awb-margin-left-small:0px;\"><h3 class=\"fusion-title-heading title-heading-left\" style=\"margin:0;\">LuviMarikan arvot<\/h3><\/div><div class=\"fusion-text fusion-text-2\"><\/div><div class=\"fusion-text fusion-text-3\"><p>LuviMarikan t\u00e4rkeimm\u00e4t arvot ovat toisen kunnioittaminen ja tasa-arvo.<br \/>Jokainen meist\u00e4 on t\u00e4rke\u00e4, jokaisella meist\u00e4 on omat haaveemme ja toiveemme. Yhdess\u00e4, niin asiakkaan kuin h\u00e4nen kotiv\u00e4kens\u00e4 kanssa, laadimme tavoitteet, jotka ohjaavat toimintaamme pajalla. Resurssien puitteissa otamme huomioon haaveet ja toiveet ja toinen toistamme kunnioittaen pyrimme ne saavuttamaan. L\u00e4hdemme siit\u00e4, ett\u00e4 ihmisin\u00e4 olemme tasavertaisia ja meill\u00e4 on my\u00f6s oikeus nauttia el\u00e4m\u00e4st\u00e4.<br \/>Palvelun tavoitteena on asiakkaan toimintakyvyn yll\u00e4pit\u00e4minen ja kehitt\u00e4minen sek\u00e4 kuntouttaminen kokonaisvaltaisesti mahdollisimman itsen\u00e4iseen selviytymiseen yhteiskunnassa. L\u00e4nsk\u00e4rinpaja haluaa olla mukana tukemassa aikuisuutta, vahvistaen luottamusta omiin kykyihin ja mahdollisuuksiin. Meill\u00e4 on valmiudet sek\u00e4 normaalitasoiseen, ett\u00e4 eriytt\u00e4mist\u00e4 vaativaan p\u00e4iv\u00e4toimintaan resurssien ja tilojen puolesta.<br \/>Tavoitteena on, ett\u00e4 jokaiselle on jotain mielek\u00e4st\u00e4 tekemist\u00e4, enemm\u00e4n toiminnan tukea tarvitsevatkin, ty\u00f6skentelev\u00e4t osan p\u00e4iv\u00e4st\u00e4 omien taitojensa asettamissa rajoissa.<\/p>\n<\/div><\/div><\/div><\/div><\/div>\n","protected":false},"excerpt":{"rendered":"","protected":false},"author":2,"featured_media":0,"parent":0,"menu_order":0,"comment_status":"closed","ping_status":"closed","template":"100-width.php","meta":{"footnotes":""},"class_list":["post-9","page","type-page","status-publish","hentry"],"_links":{"self":[{"href":"https:\/\/luvimarika.fi\/index.php?rest_route=\/wp\/v2\/pages\/9","targetHints":{"allow":["GET"]}}],"collection":[{"href":"https:\/\/luvimarika.fi\/index.php?rest_route=\/wp\/v2\/pages"}],"about":[{"href":"https:\/\/luvimarika.fi\/index.php?rest_route=\/wp\/v2\/types\/page"}],"author":[{"embeddable":true,"href":"https:\/\/luvimarika.fi\/index.php?rest_route=\/wp\/v2\/users\/2"}],"replies":[{"embeddable":true,"href":"https:\/\/luvimarika.fi\/index.php?rest_route=%2Fwp%2Fv2%2Fcomments&post=9"}],"version-history":[{"count":8,"href":"https:\/\/luvimarika.fi\/index.php?rest_route=\/wp\/v2\/pages\/9\/revisions"}],"predecessor-version":[{"id":29,"href":"https:\/\/luvimarika.fi\/index.php?rest_route=\/wp\/v2\/pages\/9\/revisions\/29"}],"wp:attachment":[{"href":"https:\/\/luvimarika.fi\/index.php?rest_route=%2Fwp%2Fv2%2Fmedia&parent=9"}],"curies":[{"name":"wp","href":"https:\/\/api.w.org\/{rel}","templated":true}]}}